{"id":216412,"date":"2024-10-22T09:37:30","date_gmt":"2024-10-22T09:37:30","guid":{"rendered":"https:\/\/setclaus.com\/avis-legal\/"},"modified":"2026-01-08T07:56:52","modified_gmt":"2026-01-08T07:56:52","slug":"avis-legal","status":"publish","type":"page","link":"https:\/\/setclaus.com\/ca\/avis-legal\/","title":{"rendered":"Av\u00eds legal"},"content":{"rendered":"\t\t<div data-elementor-type=\"wp-page\" data-elementor-id=\"216412\" class=\"elementor elementor-216412 elementor-3\" data-elementor-post-type=\"page\">\n\t\t\t\t<div class=\"elementor-element elementor-element-beffce5 e-con-full e-flex e-con e-parent\" data-id=\"beffce5\" data-element_type=\"container\" data-settings=\"{&quot;background_background&quot;:&quot;classic&quot;}\">\n\t\t\t\t<\/div>\n\t\t<div class=\"elementor-element elementor-element-79b00e8d e-flex e-con-boxed e-con e-parent\" data-id=\"79b00e8d\" data-element_type=\"container\">\n\t\t\t\t\t<div class=\"e-con-inner\">\n\t\t\t\t<div class=\"elementor-element elementor-element-8d86009 elementor-widget elementor-widget-heading\" data-id=\"8d86009\" data-element_type=\"widget\" data-widget_type=\"heading.default\">\n\t\t\t\t<div class=\"elementor-widget-container\">\n\t\t\t<h3 class=\"elementor-heading-title elementor-size-default\">Av\u00eds legal<\/h3>\t\t<\/div>\n\t\t\t\t<\/div>\n\t\t\t\t<div class=\"elementor-element elementor-element-26bd4260 elementor-widget elementor-widget-text-editor\" data-id=\"26bd4260\" data-element_type=\"widget\" data-widget_type=\"text-editor.default\">\n\t\t\t\t<div class=\"elementor-widget-container\">\n\t\t\t\t\t\t\t<h2>1. Condicions generals<\/h2><p>Aquesta nota legal cont\u00e9 les condicions que regulen l \u201c\u00fas i l\u201d acc\u00e9s al lloc web https:\/\/www.setclaus.com (d \u201cara endavant, lloc o web) i les responsabilitats derivades de la seva utilitzaci\u00f3, en compliment de la Llei 34\/2002, d\u201d 11 de juliol, de Serveis de la Societat de la Informaci\u00f3 i el Comer\u00e7 Electr\u00f2nic (d \u201cara endavant, LSSI). S\u201d entendr\u00e0 que l \u201cacc\u00e9s o la simple utilitzaci\u00f3 del lloc web per part de l\u201d usuari implica l \u201cadhesi\u00f3 del mateix a totes les condicions que Assessors Immobiliaris Setclaus tingui publicades en aquell moment a la web. S\u201d informa als usuaris que Assessors Immobiliaris Setclaus respecta la legislaci\u00f3 vigent en mat\u00e8ria de protecci\u00f3 de dades personals, la privadesa dels usuaris i el secret i seguretat de les seves dades personals, adoptant les mesures t\u00e8cniques i organitzatives necess\u00e0ries per evitar la p\u00e8rdua, el mal \u00fas, l \u201calteraci\u00f3, l\u201d acc\u00e9s no autoritzat i el robatori de les dades personals facilitades.  <\/p><h2>2. Titular<\/h2><p>El titular d&#8217;aquest lloc web \u00e9s:<\/p><p>Assessors Immobiliaris Setclaus, SL d \u201cara endavant Assessors Immobiliaris Setclaus, amb domicili social a Carrer de la Riera Principal, 46, 08328 d\u201d Alella (Barcelona) , amb CIF B-63120265, tel\u00e8fon de contacte 935 409 090 i adre\u00e7a de correu electr\u00f2nic info.<\/p><h2>3. Objecte<\/h2><p>L&#8217;objectiu d&#8217;aquest lloc \u00e9s informar de l&#8217;activitat i els serveis que desenvolupa i ofereix Assessors Immobiliaris Setclaus.<\/p><h2>4. Drets de propietat intel\u00b7lectual i industrial<\/h2><p>La totalitat d \u201caquest lloc web: descripci\u00f3 i caracter\u00edstiques, text, imatges, marques, logotips, botons, arxius de programari, aix\u00ed com l\u201d estructura, la selecci\u00f3, l \u201cordenaci\u00f3 i la presentaci\u00f3 dels seus continguts estan protegits per les lleis espanyoles i internacionals sobre propietat intel\u00b7lectual i industrial. En cap cas l\u201d acc\u00e9s per part de tercers a aquest lloc implica algun tipus de ren\u00fancia, transmissi\u00f3 o cessi\u00f3 total o parcial dels drets atorgats per la legislaci\u00f3 espanyola i internacional sobre propietat intel\u00b7lectual i industrial. <\/p><p>Queden prohibits la reproducci\u00f3 (excepte la desc\u00e0rrega temporal des del lloc web al disc dur de l \u201cordinador de l\u201d usuari o als servidors intermediaris), la c\u00f2pia, l \u201c\u00fas, la distribuci\u00f3, la reutilitzaci\u00f3, l\u201d explotaci\u00f3, la realitzaci\u00f3 de segones c\u00f2pies, l \u201cenviament per correu, la transmissi\u00f3, la modificaci\u00f3, la cessi\u00f3 o qualsevol altre acte que es faci amb la totalitat o part titular. L\u201d usuari s \u201cobliga a utilitzar els continguts de forma diligent, correcta i l\u00edcita i, en particular, es compromet a abstenir-se de suprimir, eludir o manipular el copyright i altres dades identificatives dels drets d\u201d Assessors Immobiliaris Setclaus o dels seus titulars incorporats als continguts, aix\u00ed com els dispositius t\u00e8cnics de protecci\u00f3 o qualsevol mecanisme. https:\/\/www.setclaus.com \u00e9s un domini registrat per Assessors Immobiliaris Setclaus.   <\/p><h2>5. Acc\u00e9s<\/h2><p>Els usuaris podran accedir al lloc de manera lliure i gratu\u00efta. Tot i aix\u00f2, Assessors Immobiliaris Setclaus es reserva el dret de limitar l&#8217;acc\u00e9s a determinades \u00e0rees del lloc web a aquells usuaris que no tinguin les credencials adequades. Aquestes credencials (usuari i contrasenya) s\u00f3n facilitades per Assessors Immobiliaris Setclaus als seus clients, o aquells usuaris que aix\u00ed ho sol\u00b7licitin de forma expressa, per tal d&#8217;accedir a informaci\u00f3 espec\u00edfica per a aquest grup d&#8217;usuaris. L&#8217;\u00fas de la contrasenya \u00e9s personal i intransferible, i no est\u00e0 permesa la cessi\u00f3, ni tan sols temporal, a tercers. En aquest sentit, l&#8217;usuari es compromet a fer-ne un \u00fas diligent ia mantenir-ne en secret.    <\/p><h2>6. Responsabilitat i Obligacions:<\/h2><h3>6.1. Responsabilitat quant al contingut<\/h3><p>El contingut d \u201caquest lloc web \u00e9s de car\u00e0cter general, amb finalitat i efectes exclusivament informatius dels nostres serveis i de la nostra activitat empresarial. Assessors Immobiliaris Setclaus s\u201d eximeix de qualsevol responsabilitat respecte a qualsevol decisi\u00f3 adoptada per l \u201cusuari del lloc web. Assessors Immobiliaris Setclaus rebutja la responsabilitat sobre qualsevol informaci\u00f3 no elaborada per l\u201d empresa o no publicada de forma autoritzada per ell sota el seu nom, igual que la responsabilitat que derivi de la mala utilitzaci\u00f3 dels continguts. Igualment, en relaci\u00f3 amb els continguts, Assessors Immobiliaris Setclaus es reserva el dret d \u201cactualitzar-los, eliminar-los, limitar-los o impedir-ne l\u201d acc\u00e9s, de manera temporal o definitiva.   <\/p><h3>6.2. Responsabilitat respecte dels enlla\u00e7os a altres p\u00e0gines webs (links)<\/h3><p>Els enlla\u00e7os introdu\u00efts en aquest lloc web s\u00f3n de car\u00e0cter merament informatiu i, per tant, Assessors Immobiliaris Setclaus no controla ni verifica cap informaci\u00f3, contingut, productes o serveis facilitats a trav\u00e9s d \u201caquests llocs web. suport, patrocini o recomanaci\u00f3 per part d\u201d Assessors Immobiliaris Setclaus.  <\/p><h3>6.3. Responsabilitat en el sup\u00f2sit que aquesta p\u00e0gina sigui la destinaci\u00f3 de l&#8217;enlla\u00e7 introdu\u00eft a una altra p\u00e0gina<\/h3><p>Pel que fa als enlla\u00e7os establerts per altres p\u00e0gines amb destinaci\u00f3 al lloc d \u201cAssessors Immobiliaris Setclaus caldr\u00e0 atenir-se a les estipulacions seg\u00fcents: \u00b7 Haureu de sol\u00b7licitar autoritzaci\u00f3 pr\u00e8viament a la realitzaci\u00f3 de l\u201d enlla\u00e7 i haureu de constar de forma expressa el seu atorgament.<\/p><p>L&#8217;enlla\u00e7 ha de ser absolut i complet, \u00e9s a dir, ha de portar l&#8217;usuari a l&#8217;adre\u00e7a d&#8217;Assessors Immobiliaris Setclaus i ha d&#8217;abastar completament tota l&#8217;extensi\u00f3 de la pantalla de la p\u00e0gina inicial. En cap cas, excepte autoritzaci\u00f3 expressa i per escrit d&#8217;Assessors Immobiliaris Setclaus, la p\u00e0gina que realitzi l&#8217;enlla\u00e7 podr\u00e0 reproduir de qualsevol manera el lloc web d&#8217;Assessors Immobiliaris Setclaus, incloure&#8217;l com a part del seu web o dins d&#8217;un dels seus &#8220;frames&#8221; o crear un &#8220;browser&#8221; sobre qualsevol de les p\u00e0gines del web. <\/p><p>No es donar\u00e0 cap mena d \u201cindicaci\u00f3 err\u00f2nia o incorrecta sobre la p\u00e0gina d\u201d Assessors Immobiliaris Setclaus.<\/p><p>Si es vol fer constar algun signe distintiu d \u201cAssessors Immobiliaris Setclaus, com ara marques, logotips i denominaci\u00f3, haur\u00e0 de comptar amb l\u201d autoritzaci\u00f3 per escrit.<\/p><p>El Titular de la p\u00e0gina que ofereix l&#8217;enlla\u00e7 haur\u00e0 d&#8217;actuar de bona fe i no pret\u00e9n afectar negativament la reputaci\u00f3 o el bon nom d&#8217;Assessors Immobiliaris Setclaus.<\/p><p>Es prohibeix, excepte autoritzaci\u00f3 expressa d \u00abAssessors Immobiliaris Setclaus, donar d\u00bb alta els elements de text de la marca o del logotip, el nom de domini o la denominaci\u00f3 social d \u00abAssessors Immobiliaris Setclaus, com a paraula clau (\u201cmetatags\u201d o \u201cmetanames\u201d) per a la cerca de llocs webs realitzada a trav\u00e9s de cercadors. Assessors Immobiliaris Setclaus no assumeix cap mena de responsabilitat per qualsevol aspecte relatiu a la p\u00e0gina web que ofereix l\u00bb enlla\u00e7. <\/p><h3>6.4. Responsabilitat aspectes t\u00e8cnics:<\/h3><p>Assessors Immobiliaris Setclaus far\u00e0 tot el possible per donar un servei estable i durador, per\u00f2 en cap cas no garanteix la continu\u00eftat del funcionament ni l \u201coperativitat i disponibilitat del lloc web per causes alienes a la seva responsabilitat. Assessors Immobiliaris Setclaus no es fa responsable dels danys i perjudicis directes o indirectes, inclosos els danys a sistemes inform\u00e0tics i la introducci\u00f3 de virus existents a la xarxa, derivats de la navegaci\u00f3 per Internet necess\u00e0ria per a l\u201d \u00fas d \u201caquest lloc web. Per aquest motiu, en cap cas no s\u201d indemnitzar\u00e0 per possibles problemes a causa del mal funcionament del sistema.  <\/p><h3>6.5. Obligacions dels usuaris<\/h3><p>L&#8217;usuari respondr\u00e0 dels danys i perjudicis que Assessors Immobiliaris Setclaus pugui patir com a conseq\u00fc\u00e8ncia de l&#8217;incompliment, per part seva, de qualsevol de les obligacions determinades en aquesta nota legal. L&#8217;usuari respondr\u00e0, en qualsevol cas, de la veracitat de les dades facilitades, i Assessors Immobiliaris Setclaus es reserva el dret a excloure dels serveis registrats a tot usuari que hagi facilitat dades falses ia rescindir el contracte d&#8217;asseguran\u00e7a sol\u00b7licitada, sense perjudici de les altres accions que siguin procedents en Dret. L&#8217;usuari no podr\u00e0 fer servir aquest servei per transmetre qualsevol classe de material il\u00b7legal, amena\u00e7ador, difamatori o qualsevol altre tipus de material considerat ofensiu. De la mateixa manera, no podr\u00e0 fer \u00fas incorrecte dels continguts d&#8217;Assessors Immobiliaris Setclaus, utilitzar-los amb fins diferents dels previstos, reproduint-los, modificant-los o transformant-los. Qualsevol informaci\u00f3 obtinguda al lloc d&#8217;Assessors Immobiliaris Setclaus i mostrat en una p\u00e0gina externa, s&#8217;haur\u00e0 de mostrar indicant degudament la font, \u00e9s a dir, el nom del lloc i l&#8217;enlla\u00e7 o p\u00e0gina d&#8217;on s&#8217;ha obtingut la informaci\u00f3. Pel que fa a la navegaci\u00f3, l&#8217;usuari es compromet a observar diligentment i fidelment les recomanacions que al seu moment estableixi Assessors Immobiliaris Setclaus relativa a l&#8217;\u00fas del lloc. A aquest efecte Assessors Immobiliaris Setclaus es dirigir\u00e0 als usuaris mitjan\u00e7ant qualsevol mitj\u00e0 de comunicaci\u00f3 a trav\u00e9s del lloc web.      <\/p><h2>7. Durada i Modificaci\u00f3<\/h2><p>Assessors Immobiliaris Setclaus tindr\u00e0 dret a modificar unilateralment els termes i condicions aqu\u00ed estipulades, de manera total o parcial. Qualsevol canvi apareixer\u00e0, i es posar\u00e0 en coneixement dels usuaris, de la mateixa manera que es troben en aquesta nota legal. La vig\u00e8ncia temporal d \u201caquesta nota legal coincideix, per tant, amb el temps de la seva exposici\u00f3, fins al moment en qu\u00e8 siguin Assessors Immobiliaris Setclaus modificades total o parcialment. Assessors Immobiliaris Setclaus podr\u00e0 donar per acabada, suspendre o interrompre unilateralment l\u201d operativitat d \u201caquest lloc web, sense possibilitat de sol\u00b7licitar cap indemnitzaci\u00f3 per part de l\u201d usuari. Despr\u00e9s d \u201caquesta extinci\u00f3, l\u201d usuari haur\u00e0 de destruir qualsevol informaci\u00f3 sobre Assessors Immobiliaris Setclaus que tingui en qualsevol format i que hagi obtingut a trav\u00e9s del lloc o mitjan\u00e7ant les comunicacions realitzades de forma individual a l \u201cusuari. Assessors Immobiliaris Setclaus no tindr\u00e0 cap obligaci\u00f3 de mantenir cap contingut ni de reenviar cap missatge no llegit o no enviat ni a l\u201d usuari ni a un tercer.     <\/p><h2>8. Legislaci\u00f3 i Jurisdicci\u00f3<\/h2><p>Aquestes condicions d\u00fas es regeixen per la legislaci\u00f3 espanyola. Les condicions que apareixen en aquesta web estan en tot cas sotmeses a les lleis i tribunals espanyols. En cas de controv\u00e8rsies entre l \u201cusuari i Assessors Immobiliaris Setclaus, les parts expressament pacten i acorden, respecte de la prestaci\u00f3 del servei, amb ren\u00fancia expressa a qualsevol altre fur, la seva submissi\u00f3 als Tribunals i Jutjats d\u201d Alella (Espanya).  <\/p>\t\t\t\t\t\t<\/div>\n\t\t\t\t<\/div>\n\t\t\t\t\t<\/div>\n\t\t\t\t<\/div>\n\t\t\t\t<\/div>\n\t\t","protected":false},"excerpt":{"rendered":"<p>Av\u00eds legal 1. Condicions generals Aquesta nota legal cont\u00e9 les condicions que regulen l \u201c\u00fas i l\u201d acc\u00e9s al lloc web https:\/\/www.setclaus.com (d \u201cara endavant, lloc o web) i les responsabilitats derivades de la seva utilitzaci\u00f3, en compliment de la Llei 34\/2002, d\u201d 11 de juliol, de Serveis de la Societat de la Informaci\u00f3 i [&hellip;]<\/p>\n","protected":false},"author":1,"featured_media":0,"parent":0,"menu_order":0,"comment_status":"closed","ping_status":"open","template":"elementor_header_footer","meta":{"_acf_changed":false,"_joinchat":[],"footnotes":""},"class_list":["post-216412","page","type-page","status-publish","hentry"],"acf":[],"yoast_head":"<!-- This site is optimized with the Yoast SEO plugin v25.4 - https:\/\/yoast.com\/wordpress\/plugins\/seo\/ -->\n<title>Av\u00eds Legal | Setclaus Immobili\u00e0ria<\/title>\n<meta name=\"description\" content=\"Consulta les condicions d&#039;\u00fas, propietat intel\u00b7lectual i responsabilitats legals de Setclaus, la teva ag\u00e8ncia immobili\u00e0ria de confian\u00e7a en Alella\" \/>\n<meta name=\"robots\" content=\"index, follow, max-snippet:-1, max-image-preview:large, max-video-preview:-1\" \/>\n<link rel=\"canonical\" href=\"https:\/\/setclaus.com\/ca\/avis-legal\/\" \/>\n<meta property=\"og:locale\" content=\"ca_ES\" \/>\n<meta property=\"og:type\" content=\"article\" \/>\n<meta property=\"og:title\" content=\"Av\u00eds Legal | Setclaus Immobili\u00e0ria\" \/>\n<meta property=\"og:description\" content=\"Consulta les condicions d&#039;\u00fas, propietat intel\u00b7lectual i responsabilitats legals de Setclaus, la teva ag\u00e8ncia immobili\u00e0ria de confian\u00e7a en Alella\" \/>\n<meta property=\"og:url\" content=\"https:\/\/setclaus.com\/ca\/avis-legal\/\" \/>\n<meta property=\"article:modified_time\" content=\"2026-01-08T07:56:52+00:00\" \/>\n<meta name=\"twitter:card\" content=\"summary_large_image\" \/>\n<meta name=\"twitter:label1\" content=\"Temps estimat de lectura\" \/>\n\t<meta name=\"twitter:data1\" content=\"8 minuts\" \/>\n<script type=\"application\/ld+json\" class=\"yoast-schema-graph\">{\"@context\":\"https:\/\/schema.org\",\"@graph\":[{\"@type\":\"WebPage\",\"@id\":\"https:\/\/setclaus.com\/ca\/avis-legal\/\",\"url\":\"https:\/\/setclaus.com\/ca\/avis-legal\/\",\"name\":\"Av\u00eds Legal | Setclaus Immobili\u00e0ria\",\"isPartOf\":{\"@id\":\"https:\/\/setclaus.com\/ca\/#website\"},\"datePublished\":\"2024-10-22T09:37:30+00:00\",\"dateModified\":\"2026-01-08T07:56:52+00:00\",\"description\":\"Consulta les condicions d'\u00fas, propietat intel\u00b7lectual i responsabilitats legals de Setclaus, la teva ag\u00e8ncia immobili\u00e0ria de confian\u00e7a en Alella\",\"breadcrumb\":{\"@id\":\"https:\/\/setclaus.com\/ca\/avis-legal\/#breadcrumb\"},\"inLanguage\":\"ca\",\"potentialAction\":[{\"@type\":\"ReadAction\",\"target\":[\"https:\/\/setclaus.com\/ca\/avis-legal\/\"]}]},{\"@type\":\"BreadcrumbList\",\"@id\":\"https:\/\/setclaus.com\/ca\/avis-legal\/#breadcrumb\",\"itemListElement\":[{\"@type\":\"ListItem\",\"position\":1,\"name\":\"Portada\",\"item\":\"https:\/\/setclaus.com\/ca\/\"},{\"@type\":\"ListItem\",\"position\":2,\"name\":\"Av\u00eds legal\"}]},{\"@type\":\"WebSite\",\"@id\":\"https:\/\/setclaus.com\/ca\/#website\",\"url\":\"https:\/\/setclaus.com\/ca\/\",\"name\":\"\",\"description\":\"Tenim m\u00e9s de 23 anys d'experi\u00e8ncia i una xarxa de contactes que ens permet arribar a clients internacionals perqu\u00e8 la venda de casa teva sigui tot un \u00e8xit.\",\"potentialAction\":[{\"@type\":\"SearchAction\",\"target\":{\"@type\":\"EntryPoint\",\"urlTemplate\":\"https:\/\/setclaus.com\/ca\/?s={search_term_string}\"},\"query-input\":{\"@type\":\"PropertyValueSpecification\",\"valueRequired\":true,\"valueName\":\"search_term_string\"}}],\"inLanguage\":\"ca\"}]}<\/script>\n<!-- \/ Yoast SEO plugin. -->","yoast_head_json":{"title":"Av\u00eds Legal | Setclaus Immobili\u00e0ria","description":"Consulta les condicions d'\u00fas, propietat intel\u00b7lectual i responsabilitats legals de Setclaus, la teva ag\u00e8ncia immobili\u00e0ria de confian\u00e7a en Alella","robots":{"index":"index","follow":"follow","max-snippet":"max-snippet:-1","max-image-preview":"max-image-preview:large","max-video-preview":"max-video-preview:-1"},"canonical":"https:\/\/setclaus.com\/ca\/avis-legal\/","og_locale":"ca_ES","og_type":"article","og_title":"Av\u00eds Legal | Setclaus Immobili\u00e0ria","og_description":"Consulta les condicions d'\u00fas, propietat intel\u00b7lectual i responsabilitats legals de Setclaus, la teva ag\u00e8ncia immobili\u00e0ria de confian\u00e7a en Alella","og_url":"https:\/\/setclaus.com\/ca\/avis-legal\/","article_modified_time":"2026-01-08T07:56:52+00:00","twitter_card":"summary_large_image","twitter_misc":{"Temps estimat de lectura":"8 minuts"},"schema":{"@context":"https:\/\/schema.org","@graph":[{"@type":"WebPage","@id":"https:\/\/setclaus.com\/ca\/avis-legal\/","url":"https:\/\/setclaus.com\/ca\/avis-legal\/","name":"Av\u00eds Legal | Setclaus Immobili\u00e0ria","isPartOf":{"@id":"https:\/\/setclaus.com\/ca\/#website"},"datePublished":"2024-10-22T09:37:30+00:00","dateModified":"2026-01-08T07:56:52+00:00","description":"Consulta les condicions d'\u00fas, propietat intel\u00b7lectual i responsabilitats legals de Setclaus, la teva ag\u00e8ncia immobili\u00e0ria de confian\u00e7a en Alella","breadcrumb":{"@id":"https:\/\/setclaus.com\/ca\/avis-legal\/#breadcrumb"},"inLanguage":"ca","potentialAction":[{"@type":"ReadAction","target":["https:\/\/setclaus.com\/ca\/avis-legal\/"]}]},{"@type":"BreadcrumbList","@id":"https:\/\/setclaus.com\/ca\/avis-legal\/#breadcrumb","itemListElement":[{"@type":"ListItem","position":1,"name":"Portada","item":"https:\/\/setclaus.com\/ca\/"},{"@type":"ListItem","position":2,"name":"Av\u00eds legal"}]},{"@type":"WebSite","@id":"https:\/\/setclaus.com\/ca\/#website","url":"https:\/\/setclaus.com\/ca\/","name":"","description":"Tenim m\u00e9s de 23 anys d'experi\u00e8ncia i una xarxa de contactes que ens permet arribar a clients internacionals perqu\u00e8 la venda de casa teva sigui tot un \u00e8xit.","potentialAction":[{"@type":"SearchAction","target":{"@type":"EntryPoint","urlTemplate":"https:\/\/setclaus.com\/ca\/?s={search_term_string}"},"query-input":{"@type":"PropertyValueSpecification","valueRequired":true,"valueName":"search_term_string"}}],"inLanguage":"ca"}]}},"_links":{"self":[{"href":"https:\/\/setclaus.com\/ca\/wp-json\/wp\/v2\/pages\/216412","targetHints":{"allow":["GET"]}}],"collection":[{"href":"https:\/\/setclaus.com\/ca\/wp-json\/wp\/v2\/pages"}],"about":[{"href":"https:\/\/setclaus.com\/ca\/wp-json\/wp\/v2\/types\/page"}],"author":[{"embeddable":true,"href":"https:\/\/setclaus.com\/ca\/wp-json\/wp\/v2\/users\/1"}],"replies":[{"embeddable":true,"href":"https:\/\/setclaus.com\/ca\/wp-json\/wp\/v2\/comments?post=216412"}],"version-history":[{"count":1,"href":"https:\/\/setclaus.com\/ca\/wp-json\/wp\/v2\/pages\/216412\/revisions"}],"predecessor-version":[{"id":216413,"href":"https:\/\/setclaus.com\/ca\/wp-json\/wp\/v2\/pages\/216412\/revisions\/216413"}],"wp:attachment":[{"href":"https:\/\/setclaus.com\/ca\/wp-json\/wp\/v2\/media?parent=216412"}],"curies":[{"name":"wp","href":"https:\/\/api.w.org\/{rel}","templated":true}]}}