{"id":216416,"date":"2024-11-05T16:44:43","date_gmt":"2024-11-05T16:44:43","guid":{"rendered":"https:\/\/setclaus.com\/proteccio-de-dades\/"},"modified":"2025-05-22T11:45:32","modified_gmt":"2025-05-22T11:45:32","slug":"proteccio-de-dades","status":"publish","type":"page","link":"https:\/\/setclaus.com\/ca\/proteccio-de-dades\/","title":{"rendered":"Protecci\u00f3 de dades"},"content":{"rendered":"\t\t<div data-elementor-type=\"wp-page\" data-elementor-id=\"216416\" class=\"elementor elementor-216416 elementor-464\" data-elementor-post-type=\"page\">\n\t\t\t\t<div class=\"elementor-element elementor-element-720e87d e-con-full e-flex e-con e-parent\" data-id=\"720e87d\" data-element_type=\"container\" data-settings=\"{&quot;background_background&quot;:&quot;classic&quot;}\">\n\t\t\t\t<\/div>\n\t\t<div class=\"elementor-element elementor-element-7031f52 e-flex e-con-boxed e-con e-parent\" data-id=\"7031f52\" data-element_type=\"container\">\n\t\t\t\t\t<div class=\"e-con-inner\">\n\t\t\t\t<div class=\"elementor-element elementor-element-7bc333a elementor-widget elementor-widget-heading\" data-id=\"7bc333a\" data-element_type=\"widget\" data-widget_type=\"heading.default\">\n\t\t\t\t<div class=\"elementor-widget-container\">\n\t\t\t<h3 class=\"elementor-heading-title elementor-size-default\">Protecci\u00f3 de dades<\/h3>\t\t<\/div>\n\t\t\t\t<\/div>\n\t\t\t\t<div class=\"elementor-element elementor-element-8ab0bb0 elementor-widget elementor-widget-text-editor\" data-id=\"8ab0bb0\" data-element_type=\"widget\" data-widget_type=\"text-editor.default\">\n\t\t\t\t<div class=\"elementor-widget-container\">\n\t\t\t\t\t\t\t<h2>1. INFORMACI\u00d3 A L&#8217;USUARI<\/h2><h5>Qui \u00e9s el responsable del tractament de les teves dades personals?<\/h5><p>Assessors Immobiliaris Setclaus, SL \u00e9s el RESPONSABLE del tractament de les dades personals de l \u201cUSUARI i us informa que aquestes dades seran tractades de conformitat amb el que disposa el Reglament (UE) 2016\/679, de 27 d\u201d abril (GDPR), i la Llei Org\u00e0nica 3\/2018, de 5 de desembre (LOPD.<\/p><h5>Per qu\u00e8 tractem les teves dades personals?<\/h5><p>Per mantenir una relaci\u00f3 comercial amb lusuari. Les operacions previstes per realitzar el tractament s\u00f3n: <\/p><p>Remissi\u00f3 de comunicacions comercials publicit\u00e0ries per correu electr\u00f2nic, SMS, MMS, xarxes socials o qualsevol altre mitj\u00e0 electr\u00f2nic o f\u00edsic, present o futur, que possibiliti fer comunicacions comercials. Aquestes comunicacions seran realitzades pel RESPONSABLE i estaran relacionades amb els seus productes i serveis, o dels seus col\u00b7laboradors o prove\u00efdors, amb els quals aquest hagi arribat a algun acord de promoci\u00f3. En aquest cas, els tercers mai no tindran acc\u00e9s a les dades personals.<br> Realitzar estudis de mercat i an\u00e0lisis estad\u00edstiques<br> Tramitar enc\u00e0rrecs, sol\u00b7licituds, donar resposta a les consultes o qualsevol tipus de petici\u00f3 que sigui realitzada per l&#8217;USUARI a trav\u00e9s de qualsevol de les formes de contacte que es posen a la vostra disposici\u00f3 a la p\u00e0gina web del RESPONSABLE.<br> Remetre el butllet\u00ed informatiu online, sobre novetats, ofertes i promocions a la nostra activitat.  <\/p><h5><br>Per quin motiu podem tractar les dades personals?<\/h5><p>Perqu\u00e8 el tractament est\u00e0 legitimat per l&#8217;article 6 del GDPR de la manera seg\u00fcent:<\/p><p>Amb el consentiment de l \u201cUSUARI: tramesa de comunicacions comercials i del butllet\u00ed informatiu.<br> Per inter\u00e8s leg\u00edtim del RESPONSABLE: realitzar estudis de mercat, an\u00e0lisis estad\u00edstiques, etc. i tramitar enc\u00e0rrecs, sol\u00b7licituds, etc. a petici\u00f3 de l\u201d USUARI.<\/p><h5><br>Durant quant de temps guardarem les teves dades personals?<\/h5><p>Es conservaran durant no m\u00e9s temps del necessari per mantenir la fi del tractament o hi hagi prescripcions legals que dictaminin la seva cust\u00f2dia i quan ja no sigui necessari per a aix\u00f2, se suprimiran amb mesures de seguretat adequades per garantir l&#8217;anonimitzaci\u00f3 de les dades o la seva destrucci\u00f3 total.<\/p><h5>A qui facilitem les teves dades personals?<\/h5><p>No est\u00e0 prevista cap comunicaci\u00f3 de dades personals a tercers excepte, si fos necessari per al desenvolupament i l \u201cexecuci\u00f3 de les finalitats del tractament, als nostres prove\u00efdors de serveis relacionats amb comunicacions, amb els quals el RESPONSABLE t\u00e9 subscrits els contractes de confidencialitat i d\u201d encarregat de tractament exigits per la normativa vigent de privadesa.<\/p><h5>Quins s\u00f3n els teus drets?<\/h5><p>Els drets que assisteixen a l&#8217;USUARI s\u00f3n:<\/p><p>Dret a retirar el consentiment en qualsevol moment.<br> Dret d&#8217;acc\u00e9s, rectificaci\u00f3, portabilitat i supressi\u00f3 de les vostres dades, i de limitaci\u00f3 o oposici\u00f3 al tractament.<br> Dret a presentar una reclamaci\u00f3 davant de l&#8217;autoritat de control (www.aepd.es) si considera que el tractament no s&#8217;ajusta a la normativa vigent.<\/p><h5><br>Dades de contacte per exercir els seus drets:<\/h5><p>Adre\u00e7a postal: Assessors Immobiliaris Setclaus, SL Carrer de la Riera Principal 46, 08328 &#8211; Alella Barcelona<br> Adre\u00e7a electr\u00f2nica: info@setclaus.com<\/p><h2>2. CAR\u00c0CTER OBLIGATORI O FACULTATIU DE LA INFORMACI\u00d3 FACILITADA PER L&#8217;USUARI<\/h2><p>Els USUARIS, mitjan\u00e7ant la marcaci\u00f3 de les caselles corresponents i l \u201centrada de dades als camps, marcats amb un asterisc (*) al formulari de contacte o presentats en formularis de desc\u00e0rrega, accepten expressament i de forma lliure i inequ\u00edvoca, que les seves dades s\u00f3n necess\u00e0ries per atendre la seva petici\u00f3, per part del prestador, sent volunt\u00e0ria la inclusi\u00f3 de dades. L\u201d USUARI garanteix que les dades personals facilitades al RESPONSABLE s\u00f3n veraces i es fa responsable de comunicar-ne qualsevol modificaci\u00f3. <\/p><p>El RESPONSABLE informa que totes les dades sol\u00b7licitades a trav\u00e9s del lloc web s\u00f3n obligat\u00f2ries, ja que s\u00f3n necess\u00e0ries per a la prestaci\u00f3 d \u201cun servei \u00f2ptim a l\u201d USUARI. En cas que no es facilitin totes les dades, no es garanteix que la informaci\u00f3 i els serveis facilitats siguin completament ajustats a les seves necessitats. <\/p><h2>3. MESURES DE SEGURETAT<\/h2><p>Que de conformitat amb el que disposen les normatives vigents en protecci\u00f3 de dades personals, el RESPONSABLE est\u00e0 complint amb totes les disposicions de les normatives GDPR i LOPDGDD per al tractament de les dades personals de la seva responsabilitat, i manifestament amb els principis descrits a l&#8217;article 5 del GDPR, pels quals s\u00f3n tractats de manera l\u00edcita, pertinent i lleial i transparent amb els fins per als quals s\u00f3n tractats.<\/p><p>El RESPONSABLE garanteix que ha implementat pol\u00edtiques t\u00e8cniques i organitzatives apropiades per aplicar les mesures de seguretat que estableixen el GDPR i la LOPDGDD per tal de protegir els drets i les llibertats dels USUARIS i els ha comunicat la informaci\u00f3 adequada perqu\u00e8 puguin exercir-los. Per a m\u00e9s informaci\u00f3 sobre les garanties de privadesa, pots adre\u00e7ar-te al RESPONSABLE a trav\u00e9s de <\/p><h5>Dades de contacte per exercir els seus drets:<\/h5><p>Adre\u00e7a postal: Assessors Immobiliaris Setclaus, SL Carrer de la Riera Principal 46, 08328 &#8211; Alella Barcelona<br> Adre\u00e7a electr\u00f2nica: info@setclaus.com<\/p>\t\t\t\t\t\t<\/div>\n\t\t\t\t<\/div>\n\t\t\t\t\t<\/div>\n\t\t\t\t<\/div>\n\t\t\t\t<\/div>\n\t\t","protected":false},"excerpt":{"rendered":"<p>Protecci\u00f3 de dades 1. INFORMACI\u00d3 A L&#8217;USUARI Qui \u00e9s el responsable del tractament de les teves dades personals? Assessors Immobiliaris Setclaus, SL \u00e9s el RESPONSABLE del tractament de les dades personals de l \u201cUSUARI i us informa que aquestes dades seran tractades de conformitat amb el que disposa el Reglament (UE) 2016\/679, de 27 d\u201d [&hellip;]<\/p>\n","protected":false},"author":1,"featured_media":0,"parent":0,"menu_order":0,"comment_status":"closed","ping_status":"closed","template":"elementor_header_footer","meta":{"_acf_changed":false,"_joinchat":[],"footnotes":""},"class_list":["post-216416","page","type-page","status-publish","hentry"],"acf":[],"yoast_head":"<!-- This site is optimized with the Yoast SEO plugin v25.4 - https:\/\/yoast.com\/wordpress\/plugins\/seo\/ -->\n<title>Pol\u00edtica de Privadesa | Drets amb Setclaus immobili\u00e0ria Alella<\/title>\n<meta name=\"description\" content=\"Informa \u201ct sobre els teus drets d\u201d acc\u00e9s, rectificaci\u00f3 i supressi\u00f3 de dades personals a Setclaus immobiliaria.\" \/>\n<meta name=\"robots\" content=\"index, follow, max-snippet:-1, max-image-preview:large, max-video-preview:-1\" \/>\n<link rel=\"canonical\" href=\"https:\/\/setclaus.com\/ca\/proteccio-de-dades\/\" \/>\n<meta property=\"og:locale\" content=\"ca_ES\" \/>\n<meta property=\"og:type\" content=\"article\" \/>\n<meta property=\"og:title\" content=\"Pol\u00edtica de Privadesa | Drets amb Setclaus immobili\u00e0ria Alella\" \/>\n<meta property=\"og:description\" content=\"Informa \u201ct sobre els teus drets d\u201d acc\u00e9s, rectificaci\u00f3 i supressi\u00f3 de dades personals a Setclaus immobiliaria.\" \/>\n<meta property=\"og:url\" content=\"https:\/\/setclaus.com\/ca\/proteccio-de-dades\/\" \/>\n<meta property=\"article:modified_time\" content=\"2025-05-22T11:45:32+00:00\" \/>\n<meta name=\"twitter:card\" content=\"summary_large_image\" \/>\n<meta name=\"twitter:label1\" content=\"Temps estimat de lectura\" \/>\n\t<meta name=\"twitter:data1\" content=\"4 minuts\" \/>\n<script type=\"application\/ld+json\" class=\"yoast-schema-graph\">{\"@context\":\"https:\/\/schema.org\",\"@graph\":[{\"@type\":\"WebPage\",\"@id\":\"https:\/\/setclaus.com\/ca\/proteccio-de-dades\/\",\"url\":\"https:\/\/setclaus.com\/ca\/proteccio-de-dades\/\",\"name\":\"Pol\u00edtica de Privadesa | Drets amb Setclaus immobili\u00e0ria Alella\",\"isPartOf\":{\"@id\":\"https:\/\/setclaus.com\/ca\/#website\"},\"datePublished\":\"2024-11-05T16:44:43+00:00\",\"dateModified\":\"2025-05-22T11:45:32+00:00\",\"description\":\"Informa \u201ct sobre els teus drets d\u201d acc\u00e9s, rectificaci\u00f3 i supressi\u00f3 de dades personals a Setclaus immobiliaria.\",\"breadcrumb\":{\"@id\":\"https:\/\/setclaus.com\/ca\/proteccio-de-dades\/#breadcrumb\"},\"inLanguage\":\"ca\",\"potentialAction\":[{\"@type\":\"ReadAction\",\"target\":[\"https:\/\/setclaus.com\/ca\/proteccio-de-dades\/\"]}]},{\"@type\":\"BreadcrumbList\",\"@id\":\"https:\/\/setclaus.com\/ca\/proteccio-de-dades\/#breadcrumb\",\"itemListElement\":[{\"@type\":\"ListItem\",\"position\":1,\"name\":\"Portada\",\"item\":\"https:\/\/setclaus.com\/ca\/\"},{\"@type\":\"ListItem\",\"position\":2,\"name\":\"Protecci\u00f3 de dades\"}]},{\"@type\":\"WebSite\",\"@id\":\"https:\/\/setclaus.com\/ca\/#website\",\"url\":\"https:\/\/setclaus.com\/ca\/\",\"name\":\"\",\"description\":\"Tenim m\u00e9s de 23 anys d'experi\u00e8ncia i una xarxa de contactes que ens permet arribar a clients internacionals perqu\u00e8 la venda de casa teva sigui tot un \u00e8xit.\",\"potentialAction\":[{\"@type\":\"SearchAction\",\"target\":{\"@type\":\"EntryPoint\",\"urlTemplate\":\"https:\/\/setclaus.com\/ca\/?s={search_term_string}\"},\"query-input\":{\"@type\":\"PropertyValueSpecification\",\"valueRequired\":true,\"valueName\":\"search_term_string\"}}],\"inLanguage\":\"ca\"}]}<\/script>\n<!-- \/ Yoast SEO plugin. -->","yoast_head_json":{"title":"Pol\u00edtica de Privadesa | Drets amb Setclaus immobili\u00e0ria Alella","description":"Informa \u201ct sobre els teus drets d\u201d acc\u00e9s, rectificaci\u00f3 i supressi\u00f3 de dades personals a Setclaus immobiliaria.","robots":{"index":"index","follow":"follow","max-snippet":"max-snippet:-1","max-image-preview":"max-image-preview:large","max-video-preview":"max-video-preview:-1"},"canonical":"https:\/\/setclaus.com\/ca\/proteccio-de-dades\/","og_locale":"ca_ES","og_type":"article","og_title":"Pol\u00edtica de Privadesa | Drets amb Setclaus immobili\u00e0ria Alella","og_description":"Informa \u201ct sobre els teus drets d\u201d acc\u00e9s, rectificaci\u00f3 i supressi\u00f3 de dades personals a Setclaus immobiliaria.","og_url":"https:\/\/setclaus.com\/ca\/proteccio-de-dades\/","article_modified_time":"2025-05-22T11:45:32+00:00","twitter_card":"summary_large_image","twitter_misc":{"Temps estimat de lectura":"4 minuts"},"schema":{"@context":"https:\/\/schema.org","@graph":[{"@type":"WebPage","@id":"https:\/\/setclaus.com\/ca\/proteccio-de-dades\/","url":"https:\/\/setclaus.com\/ca\/proteccio-de-dades\/","name":"Pol\u00edtica de Privadesa | Drets amb Setclaus immobili\u00e0ria Alella","isPartOf":{"@id":"https:\/\/setclaus.com\/ca\/#website"},"datePublished":"2024-11-05T16:44:43+00:00","dateModified":"2025-05-22T11:45:32+00:00","description":"Informa \u201ct sobre els teus drets d\u201d acc\u00e9s, rectificaci\u00f3 i supressi\u00f3 de dades personals a Setclaus immobiliaria.","breadcrumb":{"@id":"https:\/\/setclaus.com\/ca\/proteccio-de-dades\/#breadcrumb"},"inLanguage":"ca","potentialAction":[{"@type":"ReadAction","target":["https:\/\/setclaus.com\/ca\/proteccio-de-dades\/"]}]},{"@type":"BreadcrumbList","@id":"https:\/\/setclaus.com\/ca\/proteccio-de-dades\/#breadcrumb","itemListElement":[{"@type":"ListItem","position":1,"name":"Portada","item":"https:\/\/setclaus.com\/ca\/"},{"@type":"ListItem","position":2,"name":"Protecci\u00f3 de dades"}]},{"@type":"WebSite","@id":"https:\/\/setclaus.com\/ca\/#website","url":"https:\/\/setclaus.com\/ca\/","name":"","description":"Tenim m\u00e9s de 23 anys d'experi\u00e8ncia i una xarxa de contactes que ens permet arribar a clients internacionals perqu\u00e8 la venda de casa teva sigui tot un \u00e8xit.","potentialAction":[{"@type":"SearchAction","target":{"@type":"EntryPoint","urlTemplate":"https:\/\/setclaus.com\/ca\/?s={search_term_string}"},"query-input":{"@type":"PropertyValueSpecification","valueRequired":true,"valueName":"search_term_string"}}],"inLanguage":"ca"}]}},"_links":{"self":[{"href":"https:\/\/setclaus.com\/ca\/wp-json\/wp\/v2\/pages\/216416","targetHints":{"allow":["GET"]}}],"collection":[{"href":"https:\/\/setclaus.com\/ca\/wp-json\/wp\/v2\/pages"}],"about":[{"href":"https:\/\/setclaus.com\/ca\/wp-json\/wp\/v2\/types\/page"}],"author":[{"embeddable":true,"href":"https:\/\/setclaus.com\/ca\/wp-json\/wp\/v2\/users\/1"}],"replies":[{"embeddable":true,"href":"https:\/\/setclaus.com\/ca\/wp-json\/wp\/v2\/comments?post=216416"}],"version-history":[{"count":1,"href":"https:\/\/setclaus.com\/ca\/wp-json\/wp\/v2\/pages\/216416\/revisions"}],"predecessor-version":[{"id":216417,"href":"https:\/\/setclaus.com\/ca\/wp-json\/wp\/v2\/pages\/216416\/revisions\/216417"}],"wp:attachment":[{"href":"https:\/\/setclaus.com\/ca\/wp-json\/wp\/v2\/media?parent=216416"}],"curies":[{"name":"wp","href":"https:\/\/api.w.org\/{rel}","templated":true}]}}