{"id":216431,"date":"2024-11-27T10:15:54","date_gmt":"2024-11-27T10:15:54","guid":{"rendered":"https:\/\/setclaus.com\/propietats\/"},"modified":"2025-05-22T11:59:06","modified_gmt":"2025-05-22T11:59:06","slug":"propietats","status":"publish","type":"page","link":"https:\/\/setclaus.com\/ca\/propietats\/","title":{"rendered":"Propietats"},"content":{"rendered":"\t\t<div data-elementor-type=\"wp-page\" data-elementor-id=\"216431\" class=\"elementor elementor-216431 elementor-3132\" data-elementor-post-type=\"page\">\n\t\t\t\t<div class=\"elementor-element elementor-element-48f7ec2 e-con-full e-flex e-con e-parent\" data-id=\"48f7ec2\" data-element_type=\"container\" data-settings=\"{&quot;background_background&quot;:&quot;classic&quot;}\">\n\t\t\t\t<\/div>\n\t\t<div class=\"elementor-element elementor-element-c7b109e e-flex e-con-boxed e-con e-parent\" data-id=\"c7b109e\" data-element_type=\"container\">\n\t\t\t\t\t<div class=\"e-con-inner\">\n\t\t\t\t<div class=\"elementor-element elementor-element-1e45fa0 elementor-widget elementor-widget-heading\" data-id=\"1e45fa0\" data-element_type=\"widget\" data-widget_type=\"heading.default\">\n\t\t\t\t<div class=\"elementor-widget-container\">\n\t\t\t<h2 class=\"elementor-heading-title elementor-size-default\">Troba el teu habitatge ideal<\/h2>\t\t<\/div>\n\t\t\t\t<\/div>\n\t\t\t\t\t<\/div>\n\t\t\t\t<\/div>\n\t\t<div class=\"elementor-element elementor-element-193a9b9 e-flex e-con-boxed e-con e-parent\" data-id=\"193a9b9\" data-element_type=\"container\">\n\t\t\t\t\t<div class=\"e-con-inner\">\n\t\t\t\t<div class=\"elementor-element elementor-element-05dee6b elementor-widget elementor-widget-shortcode\" data-id=\"05dee6b\" data-element_type=\"widget\" id=\"contenedor-inmuebles\" data-widget_type=\"shortcode.default\">\n\t\t\t\t<div class=\"elementor-widget-container\">\n\t\t\t\t\t<div class=\"elementor-shortcode\"><div class=\"tarjetas-inmuebles\">\t\t<form id=\"filtro-inmuebles\" method=\"GET\" action=\"https:\/\/setclaus.com\/ca\/ca\/inmuebles\/\" class=\"container px-0\">\n\t\t<div class=\"row\">\n\t\t\t<div class=\"col-12 col-md-2\">\n\t\t\t\t<!-- Campo de filtro Poblacion -->\n\t\t\t\t<label for=\"poblacion\">Poblaci\u00f3:<\/label>\n\t\t\t\t<select name=\"poblacion\" id=\"poblacion\">\n\t\t\t\t\t<option value=\"\">Totes<\/option>\n\t\t\t\t\t<option value=\"Alella\" >Alella<\/option><option value=\"Arenys De Mar\" >Arenys De Mar<\/option><option value=\"Argentona\" >Argentona<\/option><option value=\"Badalona\" >Badalona<\/option><option value=\"Barcelona\" >Barcelona<\/option><option value=\"Breda\" >Breda<\/option><option value=\"Cabrera De Mar\" >Cabrera De Mar<\/option><option value=\"Cabrils\" >Cabrils<\/option><option value=\"Caldes d&#039;Estrac\" >Caldes d&#039;Estrac<\/option><option value=\"Cornudella De Montsant\" >Cornudella De Montsant<\/option><option value=\"El Masnou\" >El Masnou<\/option><option value=\"Esplugues de Llobregat\" >Esplugues de Llobregat<\/option><option value=\"Fogars De La Selva\" >Fogars De La Selva<\/option><option value=\"La Roca del Valles\" >La Roca del Valles<\/option><option value=\"Lloret de Mar\" >Lloret de Mar<\/option><option value=\"Malgrat De Mar\" >Malgrat De Mar<\/option><option value=\"Matar\u00f3\" >Matar\u00f3<\/option><option value=\"Molins De Rei\" >Molins De Rei<\/option><option value=\"Montgat\" >Montgat<\/option><option value=\"Montorn\u00e8s del Vall\u00e8s\" >Montorn\u00e8s del Vall\u00e8s<\/option><option value=\"Premi\u00e0 de Dalt\" >Premi\u00e0 de Dalt<\/option><option value=\"Premi\u00e1 de Mar\" >Premi\u00e1 de Mar<\/option><option value=\"Sant Andreu de Llavaneres\" >Sant Andreu de Llavaneres<\/option><option value=\"Sant Pere De Ribes\" >Sant Pere De Ribes<\/option><option value=\"Tei\u00e0\" >Tei\u00e0<\/option><option value=\"Tiana\" >Tiana<\/option><option value=\"Vallromanes\" >Vallromanes<\/option><option value=\"Vilanova Del Valles\" >Vilanova Del Valles<\/option><option value=\"Vilassar De Dalt\" >Vilassar De Dalt<\/option><option value=\"Vilassar de Mar\" >Vilassar de Mar<\/option>\t\t\t\t<\/select>\n\t\t\t<\/div>\n\n\t\t\t<div class=\"col-12 col-md-2\">\n\t\t\t\t<!-- Campo de filtro Tipo -->\n\t\t\t\t<label for=\"tipo\">Tipus:<\/label>\n\t\t\t\t<select name=\"tipo\" id=\"tipo\">\n\t\t\t\t\t<option value=\"\">Tots els tipus<\/option>\n\t\t\t\t\t<option value=\"Adosados\" >Adosados<\/option><option value=\"Casas\" >Casas<\/option><option value=\"Chalets Independientes\" >Chalets Independientes<\/option><option value=\"Chalets Pareados\" >Chalets Pareados<\/option><option value=\"D\u00faplex\" >D\u00faplex<\/option><option value=\"Locales Comerciales\" >Locales Comerciales<\/option><option value=\"Mas\u00edas\" >Mas\u00edas<\/option><option value=\"Parcelas\" >Parcelas<\/option><option value=\"Pisos\" >Pisos<\/option><option value=\"\u00c1ticos\" >\u00c1ticos<\/option>\t\t\t\t<\/select>\t\t\t\n\t\t\t<\/div>\n\n\t\t\t<div class=\"col-12 col-md-3\">\n\t\t\t\t<!-- Campo de filtro Precio -->\n\t\t\t\t<label for=\"precio_desde\">Preu:<\/label>\n\t\t\t\t<div class=\"d-flex justify-content-end\">\n\t\t\t\t\t<input type=\"text\" name=\"precio_desde\" id=\"precio_desde\" placeholder=\"Des de\" min=\"0\" value=\"\">\n\t\t\t\t\t<div class=\"separador\">\u20ac<\/div>\n\t\t\t\t\t<input type=\"text\" name=\"precio_hasta\" id=\"precio_hasta\" placeholder=\"Fins a\" min=\"0\" value=\"\">\n\t\t\t\t\t<div class=\"separador\">\u20ac<\/div>\n\t\t\t\t<\/div>\n\t\t\t<\/div>\n\n\t\t\t<div class=\"col-12 col-md-2\">\n\t\t\t\t<!-- Campo de filtro Referencia -->\n\t\t\t\t<label for=\"referencia\">Refer\u00e8ncia:<\/label>\n\t\t\t\t<input type=\"text\" name=\"referencia\" id=\"referencia\" placeholder=\"Cerca per refer\u00e8ncia\" value=\"\">\n\t\t\t<\/div>\n\n\t\t\t<div class=\"col-12 col-md-3 d-flex align-items-end\">\n\t\t\t\t<!-- Bot\u00f3n de b\u00fasqueda -->\n\t\t\t\t<input type=\"hidden\" name=\"load_more\" value=\"true\">\n\t\t\t\t<button class=\"button-general button-filtrar\" type=\"submit\">Filtra<\/button>\n\t\t\t<\/div>\n\t\t\t\n\t\t<\/div>\n    <\/form>\n\t<script>\n\t\tdocument.addEventListener('DOMContentLoaded', function () {\n\t\t\tconst inputs = [document.getElementById('precio_desde'), document.getElementById('precio_hasta')];\n\n\t\t\tinputs.forEach(input => {\n\t\t\t\tinput.addEventListener('input', () => {\n\t\t\t\t\tconst value = input.value.replace(\/\\D\/g, ''); \/\/ Quitar todo menos n\u00fameros\n\t\t\t\t\tif (!value) {\n\t\t\t\t\t\tinput.value = '';\n\t\t\t\t\t\treturn;\n\t\t\t\t\t}\n\t\t\t\t\tinput.value = Number(value).toLocaleString('es-ES');\n\t\t\t\t});\n\t\t\t});\n\n\t\t\t\/\/ Quitar los puntos de miles al enviar el formulario\n\t\t\tconst form = document.getElementById('filtro-inmuebles');\n\t\t\tif (form) {\n\t\t\t\tform.addEventListener('submit', () => {\n\t\t\t\t\tinputs.forEach(input => {\n\t\t\t\t\t\tinput.value = input.value.replace(\/\\.\/g, '');\n\t\t\t\t\t});\n\t\t\t\t});\n\t\t\t}\n\t\t});\n\t<\/script>\n\n    <div class='container'><button class='button-general load-more-btn'>Veure\u2019n m\u00e9s<i class='fas fa-arrow-right me-1'><\/i><\/button><\/div><\/div><\/div>\n\t\t\t\t<\/div>\n\t\t\t\t<\/div>\n\t\t\t\t\t<\/div>\n\t\t\t\t<\/div>\n\t\t\t\t<\/div>\n\t\t","protected":false},"excerpt":{"rendered":"<p>Troba el teu habitatge ideal<\/p>\n","protected":false},"author":1,"featured_media":0,"parent":0,"menu_order":0,"comment_status":"closed","ping_status":"closed","template":"elementor_header_footer","meta":{"_acf_changed":false,"_joinchat":[],"footnotes":""},"class_list":["post-216431","page","type-page","status-publish","hentry"],"acf":[],"yoast_head":"<!-- This site is optimized with the Yoast SEO plugin v25.4 - https:\/\/yoast.com\/wordpress\/plugins\/seo\/ -->\n<title>Propietats de cases i pisos a Alella, Maresme i Barcelona | Setclaus<\/title>\n<meta name=\"description\" content=\"Oferta immobili\u00e0ria a zona Alella, Maresme, Masnou, Barcelona i rodalies, amb m\u00e9s de 30 anys d\u00b4experi\u00e8ncia en compra venda cases i pisos\" \/>\n<meta name=\"robots\" content=\"index, follow, max-snippet:-1, max-image-preview:large, max-video-preview:-1\" \/>\n<link rel=\"canonical\" href=\"https:\/\/setclaus.com\/ca\/propietats\/\" \/>\n<meta property=\"og:locale\" content=\"ca_ES\" \/>\n<meta property=\"og:type\" content=\"article\" \/>\n<meta property=\"og:title\" content=\"Propietats de cases i pisos a Alella, Maresme i Barcelona | Setclaus\" \/>\n<meta property=\"og:description\" content=\"Oferta immobili\u00e0ria a zona Alella, Maresme, Masnou, Barcelona i rodalies, amb m\u00e9s de 30 anys d\u00b4experi\u00e8ncia en compra venda cases i pisos\" \/>\n<meta property=\"og:url\" content=\"https:\/\/setclaus.com\/ca\/propietats\/\" \/>\n<meta property=\"article:modified_time\" content=\"2025-05-22T11:59:06+00:00\" \/>\n<meta name=\"twitter:card\" content=\"summary_large_image\" \/>\n<script type=\"application\/ld+json\" class=\"yoast-schema-graph\">{\"@context\":\"https:\/\/schema.org\",\"@graph\":[{\"@type\":\"WebPage\",\"@id\":\"https:\/\/setclaus.com\/ca\/propietats\/\",\"url\":\"https:\/\/setclaus.com\/ca\/propietats\/\",\"name\":\"Propietats de cases i pisos a Alella, Maresme i Barcelona | Setclaus\",\"isPartOf\":{\"@id\":\"https:\/\/setclaus.com\/ca\/#website\"},\"datePublished\":\"2024-11-27T10:15:54+00:00\",\"dateModified\":\"2025-05-22T11:59:06+00:00\",\"description\":\"Oferta immobili\u00e0ria a zona Alella, Maresme, Masnou, Barcelona i rodalies, amb m\u00e9s de 30 anys d\u00b4experi\u00e8ncia en compra venda cases i pisos\",\"breadcrumb\":{\"@id\":\"https:\/\/setclaus.com\/ca\/propietats\/#breadcrumb\"},\"inLanguage\":\"ca\",\"potentialAction\":[{\"@type\":\"ReadAction\",\"target\":[\"https:\/\/setclaus.com\/ca\/propietats\/\"]}]},{\"@type\":\"BreadcrumbList\",\"@id\":\"https:\/\/setclaus.com\/ca\/propietats\/#breadcrumb\",\"itemListElement\":[{\"@type\":\"ListItem\",\"position\":1,\"name\":\"Portada\",\"item\":\"https:\/\/setclaus.com\/ca\/\"},{\"@type\":\"ListItem\",\"position\":2,\"name\":\"Propietats\"}]},{\"@type\":\"WebSite\",\"@id\":\"https:\/\/setclaus.com\/ca\/#website\",\"url\":\"https:\/\/setclaus.com\/ca\/\",\"name\":\"\",\"description\":\"Tenim m\u00e9s de 23 anys d'experi\u00e8ncia i una xarxa de contactes que ens permet arribar a clients internacionals perqu\u00e8 la venda de casa teva sigui tot un \u00e8xit.\",\"potentialAction\":[{\"@type\":\"SearchAction\",\"target\":{\"@type\":\"EntryPoint\",\"urlTemplate\":\"https:\/\/setclaus.com\/ca\/?s={search_term_string}\"},\"query-input\":{\"@type\":\"PropertyValueSpecification\",\"valueRequired\":true,\"valueName\":\"search_term_string\"}}],\"inLanguage\":\"ca\"}]}<\/script>\n<!-- \/ Yoast SEO plugin. -->","yoast_head_json":{"title":"Propietats de cases i pisos a Alella, Maresme i Barcelona | Setclaus","description":"Oferta immobili\u00e0ria a zona Alella, Maresme, Masnou, Barcelona i rodalies, amb m\u00e9s de 30 anys d\u00b4experi\u00e8ncia en compra venda cases i pisos","robots":{"index":"index","follow":"follow","max-snippet":"max-snippet:-1","max-image-preview":"max-image-preview:large","max-video-preview":"max-video-preview:-1"},"canonical":"https:\/\/setclaus.com\/ca\/propietats\/","og_locale":"ca_ES","og_type":"article","og_title":"Propietats de cases i pisos a Alella, Maresme i Barcelona | Setclaus","og_description":"Oferta immobili\u00e0ria a zona Alella, Maresme, Masnou, Barcelona i rodalies, amb m\u00e9s de 30 anys d\u00b4experi\u00e8ncia en compra venda cases i pisos","og_url":"https:\/\/setclaus.com\/ca\/propietats\/","article_modified_time":"2025-05-22T11:59:06+00:00","twitter_card":"summary_large_image","schema":{"@context":"https:\/\/schema.org","@graph":[{"@type":"WebPage","@id":"https:\/\/setclaus.com\/ca\/propietats\/","url":"https:\/\/setclaus.com\/ca\/propietats\/","name":"Propietats de cases i pisos a Alella, Maresme i Barcelona | Setclaus","isPartOf":{"@id":"https:\/\/setclaus.com\/ca\/#website"},"datePublished":"2024-11-27T10:15:54+00:00","dateModified":"2025-05-22T11:59:06+00:00","description":"Oferta immobili\u00e0ria a zona Alella, Maresme, Masnou, Barcelona i rodalies, amb m\u00e9s de 30 anys d\u00b4experi\u00e8ncia en compra venda cases i pisos","breadcrumb":{"@id":"https:\/\/setclaus.com\/ca\/propietats\/#breadcrumb"},"inLanguage":"ca","potentialAction":[{"@type":"ReadAction","target":["https:\/\/setclaus.com\/ca\/propietats\/"]}]},{"@type":"BreadcrumbList","@id":"https:\/\/setclaus.com\/ca\/propietats\/#breadcrumb","itemListElement":[{"@type":"ListItem","position":1,"name":"Portada","item":"https:\/\/setclaus.com\/ca\/"},{"@type":"ListItem","position":2,"name":"Propietats"}]},{"@type":"WebSite","@id":"https:\/\/setclaus.com\/ca\/#website","url":"https:\/\/setclaus.com\/ca\/","name":"","description":"Tenim m\u00e9s de 23 anys d'experi\u00e8ncia i una xarxa de contactes que ens permet arribar a clients internacionals perqu\u00e8 la venda de casa teva sigui tot un \u00e8xit.","potentialAction":[{"@type":"SearchAction","target":{"@type":"EntryPoint","urlTemplate":"https:\/\/setclaus.com\/ca\/?s={search_term_string}"},"query-input":{"@type":"PropertyValueSpecification","valueRequired":true,"valueName":"search_term_string"}}],"inLanguage":"ca"}]}},"_links":{"self":[{"href":"https:\/\/setclaus.com\/ca\/wp-json\/wp\/v2\/pages\/216431","targetHints":{"allow":["GET"]}}],"collection":[{"href":"https:\/\/setclaus.com\/ca\/wp-json\/wp\/v2\/pages"}],"about":[{"href":"https:\/\/setclaus.com\/ca\/wp-json\/wp\/v2\/types\/page"}],"author":[{"embeddable":true,"href":"https:\/\/setclaus.com\/ca\/wp-json\/wp\/v2\/users\/1"}],"replies":[{"embeddable":true,"href":"https:\/\/setclaus.com\/ca\/wp-json\/wp\/v2\/comments?post=216431"}],"version-history":[{"count":1,"href":"https:\/\/setclaus.com\/ca\/wp-json\/wp\/v2\/pages\/216431\/revisions"}],"predecessor-version":[{"id":216432,"href":"https:\/\/setclaus.com\/ca\/wp-json\/wp\/v2\/pages\/216431\/revisions\/216432"}],"wp:attachment":[{"href":"https:\/\/setclaus.com\/ca\/wp-json\/wp\/v2\/media?parent=216431"}],"curies":[{"name":"wp","href":"https:\/\/api.w.org\/{rel}","templated":true}]}}